{"id":6066,"date":"2022-01-22T04:22:17","date_gmt":"2022-01-22T04:22:17","guid":{"rendered":"https:\/\/tqmtours.com\/?post_type=product&#038;p=6066"},"modified":"2025-10-15T18:04:41","modified_gmt":"2025-10-15T18:04:41","slug":"tequila-bachelorette-horseback-tour","status":"publish","type":"product","link":"https:\/\/www.tqmtours.com\/es\/tour\/tequila-bachelorette-horseback-tour\/","title":{"rendered":"Tour de Tequila a Caballo para Despedida de Soltera | Aventura Tequilera para la Novia"},"content":{"rendered":"<h1>Bachelorette Party Horseback Adventure in Jalisco \u2013 Ride, Sip &amp; Celebrate<\/h1>\n<p>Buscando una experiencia inolvidable <strong>despedida de soltera experiencia en M\u00e9xico?<\/strong> Nuestro <strong>Despedida de soltera Paseos de Aventura en Jalisco<\/strong> es la mezcla perfecta de hacer paseos esc\u00e9nicos, degustaci\u00f3n de tequila, y la costumbre de las fiestas. Paseo a trav\u00e9s de la ic\u00f3nica campos de agave azul, disfrutar de una hacienda tradicional desayuno, y explorar la magia de Tequila con su besties. Es m\u00e1s que un tour\u2014es un legendario despedida de la novia-a-ser.<\/p>\n<h2>\u00bfQu\u00e9 Se siente en Su despedida de Soltera Paseos de Aventura en Jalisco?<\/h2>\n<ul>\n<li><strong>Esc\u00e9nico Paseo A Caballo:<\/strong> Empieza tu d\u00eda a caballo a trav\u00e9s de los impresionantes campos de agave de Amatit\u00e1n, guiados por expertos locales vaqueros.<\/li>\n<li><strong>Hacienda Desayuno:<\/strong> Disfrutar de un reci\u00e9n hechas Mexicano desayuno en un tradicional Jalisco hacienda\u2014perfecto para abastecer de combustible a las aventuras del d\u00eda.<\/li>\n<li><strong>Premium Cata De Tequila:<\/strong> Sip su camino a trav\u00e9s de una curadur\u00eda degustaci\u00f3n de tequila premium con las etiquetas de las destiler\u00edas.<\/li>\n<li><strong>Explorar Tequila, Jalisco:<\/strong> Despu\u00e9s de su experiencia de hacienda, a la cabeza de colores Pueblo M\u00e1gico de Tequila para comprar, visitar lugares de inter\u00e9s, o tomar una copa.<\/li>\n<li><strong>Parada opcional en Cantaritos El G\u00fcero:<\/strong> Envolver las cosas con un vibrante cantarito c\u00f3ctel en este local favorito antes de regresar.<\/li>\n<li><strong>Su Ritmo, Su D\u00eda:<\/strong> Desea quedarse m\u00e1s tiempo en el Tequila o se salta un stop? Vamos a ajustar su itinerario para adaptarse a su celebraci\u00f3n estilo.<\/li>\n<\/ul>\n<h2>Qu\u00e9 se Incluye en la despedida de Soltera Paseos de Aventura?<\/h2>\n<ul>\n<li><strong>Transporte redondo privado<\/strong> from Guadalajara with a bilingual guide (English &amp; Spanish).<\/li>\n<li><strong>Grupo de paseo a caballo<\/strong> a trav\u00e9s de los paisajes de agave campo de Amatit\u00e1n.<\/li>\n<li><strong>Desayuno tradicional<\/strong> se sirve en un hist\u00f3rico de la hacienda local.<\/li>\n<li><strong>Degustaci\u00f3n de Tequila sesi\u00f3n<\/strong> con una curadur\u00eda de vuelo de licores.<\/li>\n<li><strong>Tiempo libre en Tequila, Jalisco<\/strong> para comprar, pasear, o sip m\u00e1s c\u00f3cteles.<\/li>\n<li><strong>Visita opcional de Cantaritos de El G\u00fcero<\/strong> para una famosa cantarito de c\u00f3ctel.<\/li>\n<\/ul>\n<h2>\u00bfPor qu\u00e9 Elegir Esta despedida de Soltera Paseos de Aventura en Jalisco?<\/h2>\n<ul>\n<li>Uno de los \u00fanicos <strong>despedida de soltera de paseos en caballo en Jalisco<\/strong> con regalos personalizados y flexibles de la estimulaci\u00f3n.<\/li>\n<li>Celebrar con <strong>transporte privado, tequila premium, y gu\u00edas expertos<\/strong>.<\/li>\n<li>Sum\u00e9rjase en las vistas impresionantes a trav\u00e9s de <strong>Protegida por la UNESCO campos de agave<\/strong>.<\/li>\n<li>Obtener <strong>Instagram-digno tienda de regalos<\/strong> como personalizada sombreros y tequila de barriles.<\/li>\n<li>Adaptar el d\u00eda de su tripulaci\u00f3n\u2014este es <strong>su partido, a su manera<\/strong>.<\/li>\n<\/ul>\n<h2>Preguntas Frecuentes Sobre el Caballo de Aventura<\/h2>\n<h3>\u00bfCu\u00e1nto dura la despedida de Soltera Paseos de Aventura en Jalisco?<\/h3>\n<p>El total de la experiencia se ejecuta sobre <strong>De 7 a 8 horas<\/strong>, como montar a caballo, comidas, degustaci\u00f3n de tequila, y el tiempo libre en Tequila.<\/p>\n<h3>Es el itinerario personalizable?<\/h3>\n<p>Absolutamente! Nos especializamos en <strong>personalizado despedida de soltera tours en M\u00e9xico<\/strong>.<br \/>\n<a href=\"https:\/\/tqmtours.com\/contact\/\" target=\"_blank\" rel=\"noopener\">Escr\u00edbenos<\/a> y vamos a adaptar a su parte del ambiente.<\/p>\n<h3>Este es un tour privado?<\/h3>\n<p>El <strong>el transporte es privado<\/strong> para su grupo. Montar a caballo puede ser compartida con otros grupos de amigos, pero su ritmo y el horario es totalmente flexible.<\/p>\n<h3>\u00bfLa comida est\u00e1 incluida?<\/h3>\n<p>S\u00ed! Un delicioso desayuno Mexicano en la hacienda est\u00e1 incluido. Adicional de alimentos y bebidas en Tequila o Cantaritos El G\u00fcero est\u00e1n disponibles para su compra.<\/p>\n<h2>Quieres Personalizar Tu Celebraci\u00f3n?<\/h2>\n<p>Vamos a crear un una vez-en-la-vida despedida de soltera juntos!<br \/>\n<a href=\"https:\/\/tqmtours.com\/contact\/\" target=\"_blank\" rel=\"noopener\">Escr\u00edbenos<\/a> y vamos a comenzar la planificaci\u00f3n de su <strong>Despedida de soltera Paseos de Aventura en Jalisco<\/strong> el d\u00eda de hoy.<\/p>\n<h2>More Tequila &amp; Bachelorette Adventures<\/h2>\n<ul>\n<li><a href=\"https:\/\/tqmtours.com\/product\/tequila-tour-anejo\/\" target=\"_blank\" rel=\"noopener\">Tequila Tour A\u00f1ejo Premium De La Crianza En Barrica<\/a><\/li>\n<li><a href=\"https:\/\/tqmtours.com\/product-category\/bachelorette-tours\/\" target=\"_blank\" rel=\"noopener\">Ver M\u00e1s Giras De Despedida De Soltera<\/a><\/li>\n<\/ul>\n<h2>Enlaces \u00datiles Y Pol\u00edticas<\/h2>\n<ul>\n<li><a href=\"https:\/\/tqmtours.com\/terms-and-conditions\/\" target=\"_blank\" rel=\"noopener\">T\u00e9rminos y Condiciones<\/a><\/li>\n<li><a href=\"https:\/\/tqmtours.com\/cancellation-policy\/\" target=\"_blank\" rel=\"noopener\">Pol\u00edtica De Cancelaci\u00f3n<\/a><\/li>\n<li><a href=\"https:\/\/tqmtours.com\/refund-policy\/\" target=\"_blank\" rel=\"noopener\">Pol\u00edtica De Reembolso<\/a><\/li>\n<\/ul>\n<h2>Learn More About Amatit\u00e1n &amp; Tequila<\/h2>\n<p>Insp\u00edrate antes de su viaje:<br \/>\n<a href=\"https:\/\/amatitan.gob.mx\/\" target=\"_blank\" rel=\"noopener\">Explore Amatit\u00e1n &amp; Tequila<\/a><\/p>","protected":false},"excerpt":{"rendered":"<p><strong>Despedida de soltera Paseos de Aventura \u2013 Viaje, Disfrutar y Celebrar en Amatit\u00e1n, Jalisco!<\/strong><\/p>\n<p>Silla de seguridad para la final de la <strong>despedida de soltera de una escapada<\/strong> en las tierras altas de agave <strong>Amatit\u00e1n, Jalisco<\/strong>! Disfrute de una compartido <strong>paseo a caballo por los campos de agave azul<\/strong>, seguido de un delicioso <strong>hacienda tradicional desayuno<\/strong> y <strong>aut\u00e9ntica degustaci\u00f3n de tequila<\/strong> in one of Mexico\u2019s most iconic tequila regions<\/p>","protected":false},"featured_media":9537,"comment_status":"open","ping_status":"closed","template":"","meta":{"_acf_changed":false},"product_brand":[],"product_cat":[37,46],"product_tag":[100,132,138,109,130,137,131,129,136,108,133,135,134,77,139],"class_list":{"0":"post-6066","1":"product","2":"type-product","3":"status-publish","4":"has-post-thumbnail","6":"brw_tour_types-adventure-tour","7":"brw_tour_types-horse-back-ridings","8":"brw_tour_types-tequila-tastings","9":"product_cat-amatitan-jalisco","10":"product_cat-bachelorette-tours","11":"product_tag-tequila-jalisco","12":"product_tag-adventure-bachelorette-party","13":"product_tag-agave-fields-tour","14":"product_tag-amatitan-jalisco","15":"product_tag-bachelorette-horseback-tour","16":"product_tag-bridal-adventure","17":"product_tag-despedida-de-soltera-tequila","18":"product_tag-experiencia-tequilera","19":"product_tag-fiesta-mexicana","20":"product_tag-guadalajara-jalisco","21":"product_tag-horseback-riding-tequila","22":"product_tag-outdoor-group-experience","23":"product_tag-rutas-a-caballo","24":"product_tag-tqm-tours","25":"product_tag-unique-bachelorette-experience","27":"first","28":"instock","29":"taxable","30":"shipping-taxable","31":"purchasable","32":"product-type-ovabrw_car_rental"},"acf":[],"_links":{"self":[{"href":"https:\/\/www.tqmtours.com\/es\/wp-json\/wp\/v2\/product\/6066","targetHints":{"allow":["GET"]}}],"collection":[{"href":"https:\/\/www.tqmtours.com\/es\/wp-json\/wp\/v2\/product"}],"about":[{"href":"https:\/\/www.tqmtours.com\/es\/wp-json\/wp\/v2\/types\/product"}],"replies":[{"embeddable":true,"href":"https:\/\/www.tqmtours.com\/es\/wp-json\/wp\/v2\/comments?post=6066"}],"version-history":[{"count":9,"href":"https:\/\/www.tqmtours.com\/es\/wp-json\/wp\/v2\/product\/6066\/revisions"}],"predecessor-version":[{"id":12831,"href":"https:\/\/www.tqmtours.com\/es\/wp-json\/wp\/v2\/product\/6066\/revisions\/12831"}],"wp:featuredmedia":[{"embeddable":true,"href":"https:\/\/www.tqmtours.com\/es\/wp-json\/wp\/v2\/media\/9537"}],"wp:attachment":[{"href":"https:\/\/www.tqmtours.com\/es\/wp-json\/wp\/v2\/media?parent=6066"}],"wp:term":[{"taxonomy":"product_brand","embeddable":true,"href":"https:\/\/www.tqmtours.com\/es\/wp-json\/wp\/v2\/product_brand?post=6066"},{"taxonomy":"product_cat","embeddable":true,"href":"https:\/\/www.tqmtours.com\/es\/wp-json\/wp\/v2\/product_cat?post=6066"},{"taxonomy":"product_tag","embeddable":true,"href":"https:\/\/www.tqmtours.com\/es\/wp-json\/wp\/v2\/product_tag?post=6066"}],"curies":[{"name":"wp","href":"https:\/\/api.w.org\/{rel}","templated":true}]}}